{"id":2,"date":"2025-05-19T00:42:50","date_gmt":"2025-05-19T00:42:50","guid":{"rendered":"https:\/\/www.codigoperplexity.com\/?page_id=2"},"modified":"2025-05-25T16:48:14","modified_gmt":"2025-05-25T16:48:14","slug":"codigo-descuento-perplexity","status":"publish","type":"page","link":"https:\/\/www.codigoperplexity.com\/","title":{"rendered":"C\u00f3digo descuento Perplexity"},"content":{"rendered":"\t\t<div data-elementor-type=\"wp-page\" data-elementor-id=\"2\" class=\"elementor elementor-2\" data-elementor-post-type=\"page\">\n\t\t\t\t<div class=\"elementor-element elementor-element-5036f360 e-flex e-con-boxed e-con e-parent\" data-id=\"5036f360\" data-element_type=\"container\">\n\t\t\t\t\t<div class=\"e-con-inner\">\n\t\t\t\t<div class=\"elementor-element elementor-element-e3dde41 elementor-widget elementor-widget-heading\" data-id=\"e3dde41\" data-element_type=\"widget\" data-widget_type=\"heading.default\">\n\t\t\t\t\t<h1 class=\"elementor-heading-title elementor-size-default\">C\u00f3digos descuento Perplexity para hoy  16 de abril de  2026<\/h1>\t\t\t\t<\/div>\n\t\t\t\t<div class=\"elementor-element elementor-element-e838686 elementor-widget elementor-widget-spacer\" data-id=\"e838686\" data-element_type=\"widget\" data-widget_type=\"spacer.default\">\n\t\t\t\t\t\t\t<div class=\"elementor-spacer\">\n\t\t\t<div class=\"elementor-spacer-inner\"><\/div>\n\t\t<\/div>\n\t\t\t\t\t\t<\/div>\n\t\t<div class=\"elementor-element elementor-element-7c3dfbe e-con-full e-flex e-con e-child\" data-id=\"7c3dfbe\" data-element_type=\"container\" data-settings=\"{&quot;background_background&quot;:&quot;classic&quot;}\">\n\t\t<div class=\"elementor-element elementor-element-3d0ee12 e-con-full e-flex e-con e-child\" data-id=\"3d0ee12\" data-element_type=\"container\" data-settings=\"{&quot;background_background&quot;:&quot;classic&quot;}\">\n\t\t\t\t<div class=\"elementor-element elementor-element-b570e6a elementor-widget elementor-widget-heading\" data-id=\"b570e6a\" data-element_type=\"widget\" data-widget_type=\"heading.default\">\n\t\t\t\t\t<span class=\"elementor-heading-title elementor-size-default\">GRATIS<\/span>\t\t\t\t<\/div>\n\t\t\t\t<div class=\"elementor-element elementor-element-f3354bb elementor-widget elementor-widget-heading\" data-id=\"f3354bb\" data-element_type=\"widget\" data-widget_type=\"heading.default\">\n\t\t\t\t\t<span class=\"elementor-heading-title elementor-size-default\">VERIFICADO<\/span>\t\t\t\t<\/div>\n\t\t\t\t<\/div>\n\t\t<div class=\"elementor-element elementor-element-609c053 e-con-full e-flex e-con e-child\" data-id=\"609c053\" data-element_type=\"container\">\n\t\t\t\t<div class=\"elementor-element elementor-element-b542cba elementor-widget elementor-widget-heading\" data-id=\"b542cba\" data-element_type=\"widget\" data-widget_type=\"heading.default\">\n\t\t\t\t\t<h2 class=\"elementor-heading-title elementor-size-default\">Cup\u00f3n descuento<\/h2>\t\t\t\t<\/div>\n\t\t\t\t<div class=\"elementor-element elementor-element-8881c9b elementor-widget elementor-widget-heading\" data-id=\"8881c9b\" data-element_type=\"widget\" data-widget_type=\"heading.default\">\n\t\t\t\t\t<h2 class=\"elementor-heading-title elementor-size-default\">10\u20ac  de descuento el primer mes<\/h2>\t\t\t\t<\/div>\n\t\t\t\t<\/div>\n\t\t<div class=\"elementor-element elementor-element-9436e3c e-con-full e-flex e-con e-child\" data-id=\"9436e3c\" data-element_type=\"container\">\n\t\t\t\t<div class=\"elementor-element elementor-element-b204bd3 elementor-align-center elementor-widget elementor-widget-button\" data-id=\"b204bd3\" data-element_type=\"widget\" data-widget_type=\"button.default\">\n\t\t\t\t\t\t\t\t\t\t<a class=\"elementor-button elementor-button-link elementor-size-sm\" href=\"https:\/\/perplexity.ai\/pro?referral_code=VSCU19FT\" target=\"_blank\" title=\"Promoci\u00f3n Perplexity\" rel=\"noopener\">\n\t\t\t\t\t\t<span class=\"elementor-button-content-wrapper\">\n\t\t\t\t\t\t\t\t\t<span class=\"elementor-button-text\"> \u00a1Quiero mi cup\u00f3n para hoy  <br>16 de abril de  2026 de <b>10\u202f\u20ac!<\/b><\/span>\n\t\t\t\t\t<\/span>\n\t\t\t\t\t<\/a>\n\t\t\t\t\t\t\t\t<\/div>\n\t\t\t\t<div class=\"elementor-element elementor-element-237f351 elementor-widget elementor-widget-text-editor\" data-id=\"237f351\" data-element_type=\"widget\" data-widget_type=\"text-editor.default\">\n\t\t\t\t\t\t\t\t\t<p>Oferta v\u00e1lida por tiempo limitado.<br>Haz clic ahora y no te quedes sin tu descuento.<\/p>\t\t\t\t\t\t\t\t<\/div>\n\t\t\t\t<\/div>\n\t\t\t\t<\/div>\n\t\t\t\t<div class=\"elementor-element elementor-element-908d641 elementor-widget elementor-widget-spacer\" data-id=\"908d641\" data-element_type=\"widget\" data-widget_type=\"spacer.default\">\n\t\t\t\t\t\t\t<div class=\"elementor-spacer\">\n\t\t\t<div class=\"elementor-spacer-inner\"><\/div>\n\t\t<\/div>\n\t\t\t\t\t\t<\/div>\n\t\t\t\t<div class=\"elementor-element elementor-element-ce27609 elementor-widget elementor-widget-text-editor\" data-id=\"ce27609\" data-element_type=\"widget\" data-widget_type=\"text-editor.default\">\n\t\t\t\t\t\t\t\t\t<p><strong>Consigue 10\u20ac de descuento inmediato con tu cup\u00f3n exclusivo<\/strong><\/p>\n<p class=\"my-0\">\u00bfBuscas una raz\u00f3n para unirte a nuestra comunidad? Ahora, al suscribirte a nuestro servicio, te regalamos\u00a0<strong>10\u202f\u20ac de descuento en tu pr\u00f3ximo ciclo de facturaci\u00f3n<\/strong>. Es la oportunidad perfecta para empezar a disfrutar de todos nuestros beneficios a un precio a\u00fan m\u00e1s bajo.<\/p>\t\t\t\t\t\t\t\t<\/div>\n\t\t\t\t<div class=\"elementor-element elementor-element-3390c12 elementor-widget elementor-widget-heading\" data-id=\"3390c12\" data-element_type=\"widget\" data-widget_type=\"heading.default\">\n\t\t\t\t\t<h2 class=\"elementor-heading-title elementor-size-default\">\u00bfPor qu\u00e9 suscribirte a Perplexity?<\/h2>\t\t\t\t<\/div>\n\t\t\t\t<div class=\"elementor-element elementor-element-6c8106d elementor-widget elementor-widget-text-editor\" data-id=\"6c8106d\" data-element_type=\"widget\" data-widget_type=\"text-editor.default\">\n\t\t\t\t\t\t\t\t\t<p><strong>\u00bfTe imaginas acceder a respuestas precisas, informaci\u00f3n actualizada y herramientas de inteligencia artificial avanzadas en segundos?<\/strong> Perplexity es la plataforma l\u00edder que est\u00e1 revolucionando la forma en que investigamos, aprendemos y resolvemos dudas online. Descubre las <strong>razones clave por las que cada vez m\u00e1s usuarios eligen suscribirse a Perplexity<\/strong> y c\u00f3mo puedes <strong>aprovechar todas sus ventajas hoy mismo<\/strong>.<\/p>\t\t\t\t\t\t\t\t<\/div>\n\t\t\t\t<div class=\"elementor-element elementor-element-1bf0dfa elementor-widget elementor-widget-heading\" data-id=\"1bf0dfa\" data-element_type=\"widget\" data-widget_type=\"heading.default\">\n\t\t\t\t\t<h2 class=\"elementor-heading-title elementor-size-default\">Beneficios exclusivos de Perplexity<\/h2>\t\t\t\t<\/div>\n\t\t\t\t<div class=\"elementor-element elementor-element-811f623 elementor-widget elementor-widget-text-editor\" data-id=\"811f623\" data-element_type=\"widget\" data-widget_type=\"text-editor.default\">\n\t\t\t\t\t\t\t\t\t<p><strong>Respuestas r\u00e1pidas y fiables:<\/strong> Olv\u00eddate de perder tiempo buscando en m\u00faltiples p\u00e1ginas. Con Perplexity, obtienes informaci\u00f3n clara, bien explicada y con fuentes verificadas en cuesti\u00f3n de segundos.<br \/><strong>Tecnolog\u00eda de IA avanzada:<\/strong> Accede a modelos de inteligencia artificial de \u00faltima generaci\u00f3n, capaces de entender preguntas complejas y ofrecer soluciones personalizadas.<br \/><strong>Ahorro de tiempo y esfuerzo:<\/strong> Centraliza tus b\u00fasquedas, res\u00famenes de art\u00edculos, comparativas y an\u00e1lisis en una sola plataforma, optimizando tu productividad.<br \/><strong>Actualizaciones en tiempo real:<\/strong> Mantente siempre informado con datos y noticias recientes, ideales para estudiantes, profesionales y curiosos.<br \/><strong>Privacidad y seguridad:<\/strong> Tus consultas son confidenciales y la plataforma protege tu informaci\u00f3n personal en todo momento.<\/p>\t\t\t\t\t\t\t\t<\/div>\n\t\t\t\t<div class=\"elementor-element elementor-element-56132b5 elementor-widget elementor-widget-heading\" data-id=\"56132b5\" data-element_type=\"widget\" data-widget_type=\"heading.default\">\n\t\t\t\t\t<h2 class=\"elementor-heading-title elementor-size-default\">\u00bfPara qui\u00e9n es ideal Perplexity?<\/h2>\t\t\t\t<\/div>\n\t\t\t\t<div class=\"elementor-element elementor-element-851b306 elementor-widget elementor-widget-text-editor\" data-id=\"851b306\" data-element_type=\"widget\" data-widget_type=\"text-editor.default\">\n\t\t\t\t\t\t\t\t\t<p>Estudiantes que buscan mejorar sus investigaciones y trabajos acad\u00e9micos.<br \/>Profesionales que necesitan datos fiables y an\u00e1lisis r\u00e1pidos para tomar decisiones.<br \/>Creadores de contenido que requieren fuentes y res\u00famenes precisos.<br \/>Cualquier persona que valore el acceso inmediato a conocimiento de calidad.<\/p>\t\t\t\t\t\t\t\t<\/div>\n\t\t<div class=\"elementor-element elementor-element-ad3406b e-con-full e-flex e-con e-child\" data-id=\"ad3406b\" data-element_type=\"container\" data-settings=\"{&quot;background_background&quot;:&quot;classic&quot;}\">\n\t\t<div class=\"elementor-element elementor-element-ce5ec7a e-con-full e-flex e-con e-child\" data-id=\"ce5ec7a\" data-element_type=\"container\" data-settings=\"{&quot;background_background&quot;:&quot;classic&quot;}\">\n\t\t\t\t<div class=\"elementor-element elementor-element-250e5c8 elementor-widget elementor-widget-heading\" data-id=\"250e5c8\" data-element_type=\"widget\" data-widget_type=\"heading.default\">\n\t\t\t\t\t<span class=\"elementor-heading-title elementor-size-default\">GRATIS<\/span>\t\t\t\t<\/div>\n\t\t\t\t<div class=\"elementor-element elementor-element-39b697a elementor-widget elementor-widget-heading\" data-id=\"39b697a\" data-element_type=\"widget\" data-widget_type=\"heading.default\">\n\t\t\t\t\t<span class=\"elementor-heading-title elementor-size-default\">VERIFICADO<\/span>\t\t\t\t<\/div>\n\t\t\t\t<\/div>\n\t\t<div class=\"elementor-element elementor-element-217adc7 e-con-full e-flex e-con e-child\" data-id=\"217adc7\" data-element_type=\"container\">\n\t\t\t\t<div class=\"elementor-element elementor-element-137c101 elementor-widget elementor-widget-heading\" data-id=\"137c101\" data-element_type=\"widget\" data-widget_type=\"heading.default\">\n\t\t\t\t\t<h2 class=\"elementor-heading-title elementor-size-default\">Cup\u00f3n descuento<\/h2>\t\t\t\t<\/div>\n\t\t\t\t<div class=\"elementor-element elementor-element-bf10031 elementor-widget elementor-widget-heading\" data-id=\"bf10031\" data-element_type=\"widget\" data-widget_type=\"heading.default\">\n\t\t\t\t\t<h2 class=\"elementor-heading-title elementor-size-default\">10\u20ac  de descuento el primer mes<\/h2>\t\t\t\t<\/div>\n\t\t\t\t<\/div>\n\t\t<div class=\"elementor-element elementor-element-69fe818 e-con-full e-flex e-con e-child\" data-id=\"69fe818\" data-element_type=\"container\">\n\t\t\t\t<div class=\"elementor-element elementor-element-c74b142 elementor-align-center elementor-widget elementor-widget-button\" data-id=\"c74b142\" data-element_type=\"widget\" data-widget_type=\"button.default\">\n\t\t\t\t\t\t\t\t\t\t<a class=\"elementor-button elementor-button-link elementor-size-sm\" href=\"https:\/\/perplexity.ai\/pro?referral_code=VSCU19FT\" target=\"_blank\" title=\"Promoci\u00f3n Perplexity\" rel=\"noopener\">\n\t\t\t\t\t\t<span class=\"elementor-button-content-wrapper\">\n\t\t\t\t\t\t\t\t\t<span class=\"elementor-button-text\"> \u00a1Quiero mi cup\u00f3n para hoy  <br>16 de abril de  2026 de <b>10\u202f\u20ac!<\/b><\/span>\n\t\t\t\t\t<\/span>\n\t\t\t\t\t<\/a>\n\t\t\t\t\t\t\t\t<\/div>\n\t\t\t\t<div class=\"elementor-element elementor-element-46f629d elementor-widget elementor-widget-text-editor\" data-id=\"46f629d\" data-element_type=\"widget\" data-widget_type=\"text-editor.default\">\n\t\t\t\t\t\t\t\t\t<p>Oferta v\u00e1lida por tiempo limitado.<br>Haz clic ahora y no te quedes sin tu descuento.<\/p>\t\t\t\t\t\t\t\t<\/div>\n\t\t\t\t<\/div>\n\t\t\t\t<\/div>\n\t\t\t\t\t<\/div>\n\t\t\t\t<\/div>\n\t\t\t\t<\/div>\n\t\t","protected":false},"excerpt":{"rendered":"<p>GRATIS VERIFICADO Cup\u00f3n descuento 10\u20ac de descuento el primer mes Oferta v\u00e1lida por tiempo limitado. Haz clic ahora y no te quedes sin tu descuento. Consigue 10\u20ac de descuento inmediato con tu cup\u00f3n exclusivo \u00bfBuscas una raz\u00f3n para unirte a nuestra comunidad? Ahora, al suscribirte a nuestro servicio, te regalamos\u00a010\u202f\u20ac de descuento en tu pr\u00f3ximo [&hellip;]<\/p>\n","protected":false},"author":1,"featured_media":19,"parent":0,"menu_order":0,"comment_status":"closed","ping_status":"closed","template":"","meta":{"footnotes":""},"class_list":["post-2","page","type-page","status-publish","has-post-thumbnail","hentry"],"_links":{"self":[{"href":"https:\/\/www.codigoperplexity.com\/index.php?rest_route=\/wp\/v2\/pages\/2","targetHints":{"allow":["GET"]}}],"collection":[{"href":"https:\/\/www.codigoperplexity.com\/index.php?rest_route=\/wp\/v2\/pages"}],"about":[{"href":"https:\/\/www.codigoperplexity.com\/index.php?rest_route=\/wp\/v2\/types\/page"}],"author":[{"embeddable":true,"href":"https:\/\/www.codigoperplexity.com\/index.php?rest_route=\/wp\/v2\/users\/1"}],"replies":[{"embeddable":true,"href":"https:\/\/www.codigoperplexity.com\/index.php?rest_route=%2Fwp%2Fv2%2Fcomments&post=2"}],"version-history":[{"count":23,"href":"https:\/\/www.codigoperplexity.com\/index.php?rest_route=\/wp\/v2\/pages\/2\/revisions"}],"predecessor-version":[{"id":73,"href":"https:\/\/www.codigoperplexity.com\/index.php?rest_route=\/wp\/v2\/pages\/2\/revisions\/73"}],"wp:featuredmedia":[{"embeddable":true,"href":"https:\/\/www.codigoperplexity.com\/index.php?rest_route=\/wp\/v2\/media\/19"}],"wp:attachment":[{"href":"https:\/\/www.codigoperplexity.com\/index.php?rest_route=%2Fwp%2Fv2%2Fmedia&parent=2"}],"curies":[{"name":"wp","href":"https:\/\/api.w.org\/{rel}","templated":true}]}}